{"id":2516,"date":"2021-10-29T11:34:59","date_gmt":"2021-10-29T09:34:59","guid":{"rendered":"https:\/\/www.gatera.be\/product\/hoodie-with-logo\/"},"modified":"2023-07-04T12:53:24","modified_gmt":"2023-07-04T10:53:24","slug":"stole-umudiho","status":"publish","type":"product","link":"https:\/\/www.gatera.be\/fr\/shop\/couture\/etole-foulard\/stole-umudiho\/","title":{"rendered":"Umudiho"},"content":{"rendered":"<!--themify_builder_content-->\n<div id=\"themify_builder_content-2516\" data-postid=\"2516\" class=\"themify_builder_content themify_builder_content-2516 themify_builder tf_clear\">\n    <\/div>\n<!--\/themify_builder_content-->","protected":false},"excerpt":{"rendered":"<p><strong>UMUDIHO - Inspir\u00e9\u00a0d'une cr\u00e9ation picturale de Munana Gatera<\/strong><\/p>\n<p>La force du mouvement combin\u00e9e \u00e0 la gr\u00e2ce font des Umudiho, les danses les plus prestigieuses de la chor\u00e9graphie rwandaise.<\/p>\n<p>\u00c9tole l\u00e9g\u00e8re roulott\u00e9e<br \/>\n100 % Soie<br \/>\n140 x 140<br \/>\nFabriqu\u00e9 en Italie<\/p>","protected":false},"featured_media":4064,"template":"","meta":[],"product_brand":[],"product_cat":[56,77],"product_tag":[],"class_list":{"0":"post-2516","1":"product","2":"type-product","3":"status-publish","4":"has-post-thumbnail","6":"product_cat-etole-foulard","7":"product_cat-couture","8":"has-post-title","9":"has-post-date","10":"has-post-category","11":"has-post-tag","12":"has-post-comment","13":"has-post-author","14":"","16":"first","17":"instock","18":"taxable","19":"shipping-taxable","20":"purchasable","21":"product-type-variable"},"aioseo_notices":[],"jetpack_sharing_enabled":true,"builder_content":"","_links":{"self":[{"href":"https:\/\/www.gatera.be\/fr\/wp-json\/wp\/v2\/product\/2516","targetHints":{"allow":["GET"]}}],"collection":[{"href":"https:\/\/www.gatera.be\/fr\/wp-json\/wp\/v2\/product"}],"about":[{"href":"https:\/\/www.gatera.be\/fr\/wp-json\/wp\/v2\/types\/product"}],"wp:featuredmedia":[{"embeddable":true,"href":"https:\/\/www.gatera.be\/fr\/wp-json\/wp\/v2\/media\/4064"}],"wp:attachment":[{"href":"https:\/\/www.gatera.be\/fr\/wp-json\/wp\/v2\/media?parent=2516"}],"wp:term":[{"taxonomy":"product_brand","embeddable":true,"href":"https:\/\/www.gatera.be\/fr\/wp-json\/wp\/v2\/product_brand?post=2516"},{"taxonomy":"product_cat","embeddable":true,"href":"https:\/\/www.gatera.be\/fr\/wp-json\/wp\/v2\/product_cat?post=2516"},{"taxonomy":"product_tag","embeddable":true,"href":"https:\/\/www.gatera.be\/fr\/wp-json\/wp\/v2\/product_tag?post=2516"}],"curies":[{"name":"wp","href":"https:\/\/api.w.org\/{rel}","templated":true}]}}