{"id":4044,"date":"2022-12-01T19:05:10","date_gmt":"2022-12-01T18:05:10","guid":{"rendered":"https:\/\/www.gatera.be\/?post_type=product&#038;p=4044"},"modified":"2023-07-04T12:50:29","modified_gmt":"2023-07-04T10:50:29","slug":"stupa","status":"publish","type":"product","link":"https:\/\/www.gatera.be\/fr\/shop\/couture\/etole-foulard\/stupa\/","title":{"rendered":"Stupa"},"content":{"rendered":"<!--themify_builder_content-->\n<div id=\"themify_builder_content-4044\" data-postid=\"4044\" class=\"themify_builder_content themify_builder_content-4044 themify_builder tf_clear\">\n    <\/div>\n<!--\/themify_builder_content-->","protected":false},"excerpt":{"rendered":"<p><strong>STUPA\u00a0 by Munana Gatera<\/strong><\/p>\n<p>\u00c9tole l\u00e9g\u00e8re roulott\u00e9e<br \/>\n100 % Soie<br \/>\n140 x 140 cm<br \/>\nFabriqu\u00e9 en Italie<\/p>\n<p>&nbsp;<\/p>","protected":false},"featured_media":4045,"template":"","meta":[],"product_brand":[],"product_cat":[56,77],"product_tag":[],"class_list":{"0":"post-4044","1":"product","2":"type-product","3":"status-publish","4":"has-post-thumbnail","6":"product_cat-etole-foulard","7":"product_cat-couture","8":"has-post-title","9":"has-post-date","10":"has-post-category","11":"has-post-tag","12":"has-post-comment","13":"has-post-author","14":"","16":"first","17":"outofstock","18":"taxable","19":"shipping-taxable","20":"purchasable","21":"product-type-simple"},"aioseo_notices":[],"jetpack_sharing_enabled":true,"builder_content":"","_links":{"self":[{"href":"https:\/\/www.gatera.be\/fr\/wp-json\/wp\/v2\/product\/4044","targetHints":{"allow":["GET"]}}],"collection":[{"href":"https:\/\/www.gatera.be\/fr\/wp-json\/wp\/v2\/product"}],"about":[{"href":"https:\/\/www.gatera.be\/fr\/wp-json\/wp\/v2\/types\/product"}],"wp:featuredmedia":[{"embeddable":true,"href":"https:\/\/www.gatera.be\/fr\/wp-json\/wp\/v2\/media\/4045"}],"wp:attachment":[{"href":"https:\/\/www.gatera.be\/fr\/wp-json\/wp\/v2\/media?parent=4044"}],"wp:term":[{"taxonomy":"product_brand","embeddable":true,"href":"https:\/\/www.gatera.be\/fr\/wp-json\/wp\/v2\/product_brand?post=4044"},{"taxonomy":"product_cat","embeddable":true,"href":"https:\/\/www.gatera.be\/fr\/wp-json\/wp\/v2\/product_cat?post=4044"},{"taxonomy":"product_tag","embeddable":true,"href":"https:\/\/www.gatera.be\/fr\/wp-json\/wp\/v2\/product_tag?post=4044"}],"curies":[{"name":"wp","href":"https:\/\/api.w.org\/{rel}","templated":true}]}}